{"id":980,"date":"2023-03-06T16:49:37","date_gmt":"2023-03-06T14:49:37","guid":{"rendered":"https:\/\/www.kauksipuhkemaja.ee\/sakumlapa\/"},"modified":"2026-05-11T11:24:44","modified_gmt":"2026-05-11T08:24:44","slug":"sakumlapa","status":"publish","type":"page","link":"https:\/\/www.kauksipuhkemaja.ee\/lv\/","title":{"rendered":"S\u0100KUMLAPA"},"content":{"rendered":"\n<div class=\"wp-block-cover alignfull\" style=\"min-height:100vh;aspect-ratio:unset;\"><img loading=\"lazy\" decoding=\"async\" width=\"2560\" height=\"1920\" class=\"wp-block-cover__image-background wp-image-35\" alt=\"\" src=\"https:\/\/www.kauksipuhkemaja.ee\/wp-content\/uploads\/2023\/03\/IMG_20200724_190922-scaled.jpg\" style=\"object-position:13% 0%\" data-object-fit=\"cover\" data-object-position=\"13% 0%\" srcset=\"https:\/\/www.kauksipuhkemaja.ee\/wp-content\/uploads\/2023\/03\/IMG_20200724_190922-scaled.jpg 2560w, https:\/\/www.kauksipuhkemaja.ee\/wp-content\/uploads\/2023\/03\/IMG_20200724_190922-300x225.jpg 300w, https:\/\/www.kauksipuhkemaja.ee\/wp-content\/uploads\/2023\/03\/IMG_20200724_190922-1024x768.jpg 1024w, https:\/\/www.kauksipuhkemaja.ee\/wp-content\/uploads\/2023\/03\/IMG_20200724_190922-768x576.jpg 768w, https:\/\/www.kauksipuhkemaja.ee\/wp-content\/uploads\/2023\/03\/IMG_20200724_190922-1536x1152.jpg 1536w, https:\/\/www.kauksipuhkemaja.ee\/wp-content\/uploads\/2023\/03\/IMG_20200724_190922-2048x1536.jpg 2048w, https:\/\/www.kauksipuhkemaja.ee\/wp-content\/uploads\/2023\/03\/IMG_20200724_190922-1568x1176.jpg 1568w\" sizes=\"auto, (max-width: 2560px) 100vw, 2560px\" \/><span aria-hidden=\"true\" class=\"wp-block-cover__background has-background-dim-20 has-background-dim\"><\/span><div class=\"wp-block-cover__inner-container is-layout-flow wp-block-cover-is-layout-flow\">\n<h1 class=\"wp-block-heading has-text-align-center\" style=\"font-size:50px;letter-spacing:1px\"><br\/>KAUKSI PUHKEMAJA &#8211; Kauksi br\u012bvdienu m\u0101ja<\/h1>\n\n\n\n<h1 class=\"wp-block-heading has-text-align-center\" style=\"font-size:40px;letter-spacing:1px\">Videi draudz\u012bga naktsm\u012btne Peipusa ezera zieme\u013cu krast\u0101<br\/><\/h1>\n<\/div><\/div>\n\n<div style=\"height:20px\" aria-hidden=\"true\" class=\"wp-block-spacer\"><\/div>\n\n<div class=\"wp-block-columns alignwide are-vertically-aligned-center is-layout-flex wp-container-core-columns-is-layout-9d6595d7 wp-block-columns-is-layout-flex\">\n<div class=\"wp-block-column is-vertically-aligned-center is-layout-flow wp-block-column-is-layout-flow\" style=\"flex-basis:33.33%\">\n<p class=\"has-text-align-center has-medium-font-size\" style=\"letter-spacing:1px\">M\u016bsu br\u012bvdienu m\u0101jas atrodas 2 km att\u0101lum\u0101 no Peipusa ezera un ir ieskautas bag\u0101t\u012bgiem ogu un s\u0113\u0146u me\u017eiem, un t\u0101s ir ide\u0101li piem\u0113rotas atp\u016btniekiem, kuri m\u012bl uztur\u0113ties dabas vid\u0113!<\/p>\n<\/div>\n\n\n\n<div class=\"wp-block-column is-vertically-aligned-center is-layout-flow wp-block-column-is-layout-flow\" style=\"flex-basis:66.66%\">\n<div class=\"wp-block-cover ed-linked-block\"><img loading=\"lazy\" decoding=\"async\" width=\"640\" height=\"960\" class=\"wp-block-cover__image-background wp-image-157\" alt=\"\" src=\"https:\/\/www.kauksipuhkemaja.ee\/wp-content\/uploads\/2023\/03\/Suur-maja-1.jpg\" style=\"object-position:49% 58%\" data-object-fit=\"cover\" data-object-position=\"49% 58%\" srcset=\"https:\/\/www.kauksipuhkemaja.ee\/wp-content\/uploads\/2023\/03\/Suur-maja-1.jpg 640w, https:\/\/www.kauksipuhkemaja.ee\/wp-content\/uploads\/2023\/03\/Suur-maja-1-200x300.jpg 200w\" sizes=\"auto, (max-width: 640px) 100vw, 640px\" \/><span aria-hidden=\"true\" class=\"wp-block-cover__background has-background-dim-20 has-background-dim\"><\/span><div class=\"wp-block-cover__inner-container is-layout-flow wp-block-cover-is-layout-flow\">\n<p class=\"has-text-align-center has-large-font-size\">M\u016aSU BR\u012aVDIENU M\u0100JAS<\/p>\n<\/div><a href=\"https:\/\/www.kauksipuhkemaja.ee\/meie-majad\/\" class=\"edhotels-block-link\" rel=\"\"><\/a><\/div>\n<\/div>\n<\/div>\n\n<div class=\"wp-block-columns alignwide are-vertically-aligned-center is-layout-flex wp-container-core-columns-is-layout-9d6595d7 wp-block-columns-is-layout-flex\">\n<div class=\"wp-block-column is-vertically-aligned-center is-layout-flow wp-block-column-is-layout-flow\" style=\"flex-basis:66.66%\">\n<div class=\"wp-block-cover is-light ed-linked-block\"><img loading=\"lazy\" decoding=\"async\" width=\"2560\" height=\"1920\" class=\"wp-block-cover__image-background wp-image-415\" alt=\"\" src=\"https:\/\/www.kauksipuhkemaja.ee\/wp-content\/uploads\/2023\/03\/K.-Hindreus-scaled.jpg\" data-object-fit=\"cover\" srcset=\"https:\/\/www.kauksipuhkemaja.ee\/wp-content\/uploads\/2023\/03\/K.-Hindreus-scaled.jpg 2560w, https:\/\/www.kauksipuhkemaja.ee\/wp-content\/uploads\/2023\/03\/K.-Hindreus-300x225.jpg 300w, https:\/\/www.kauksipuhkemaja.ee\/wp-content\/uploads\/2023\/03\/K.-Hindreus-1024x768.jpg 1024w, https:\/\/www.kauksipuhkemaja.ee\/wp-content\/uploads\/2023\/03\/K.-Hindreus-768x576.jpg 768w, https:\/\/www.kauksipuhkemaja.ee\/wp-content\/uploads\/2023\/03\/K.-Hindreus-1536x1152.jpg 1536w, https:\/\/www.kauksipuhkemaja.ee\/wp-content\/uploads\/2023\/03\/K.-Hindreus-2048x1536.jpg 2048w, https:\/\/www.kauksipuhkemaja.ee\/wp-content\/uploads\/2023\/03\/K.-Hindreus-1568x1176.jpg 1568w\" sizes=\"auto, (max-width: 2560px) 100vw, 2560px\" \/><span aria-hidden=\"true\" class=\"wp-block-cover__background has-background-dim-20 has-background-dim\"><\/span><div class=\"wp-block-cover__inner-container is-layout-flow wp-block-cover-is-layout-flow\">\n<p class=\"has-text-align-center has-white-color has-text-color has-large-font-size\">BALL\u0112S UN SEMIN\u0100RI <\/p>\n<\/div><a href=\"https:\/\/www.kauksipuhkemaja.ee\/peod-ja-seminarid\/\" class=\"edhotels-block-link\" rel=\"\"><\/a><\/div>\n<\/div>\n\n\n\n<div class=\"wp-block-column is-vertically-aligned-center is-layout-flow wp-block-column-is-layout-flow\" style=\"padding-top:var(--wp--preset--spacing--20);padding-right:var(--wp--preset--spacing--20);padding-bottom:var(--wp--preset--spacing--20);padding-left:var(--wp--preset--spacing--20);flex-basis:33.33%\">\n<p class=\"has-text-align-center has-medium-font-size\" style=\"letter-spacing:1px\">M\u016bsu pagalm\u0101 ir grila paviljons, d\u016bmu pirts, <br\/>nojume un d\u012b\u0137is, kur\u0101 var peld\u0113ties un mak\u0161\u0137er\u0113t <br\/>. J\u016bs varat ar\u012b iznom\u0101t velosip\u0113dus, lai, piem\u0113ram, nopeld\u0113tos Kauksi pludmal\u0113 vai izp\u0113t\u012btu apk\u0101rtni.<\/p>\n<\/div>\n<\/div>\n\n<div class=\"wp-block-columns alignwide are-vertically-aligned-center is-layout-flex wp-container-core-columns-is-layout-9d6595d7 wp-block-columns-is-layout-flex\">\n<div class=\"wp-block-column is-vertically-aligned-center is-layout-flow wp-block-column-is-layout-flow\" style=\"flex-basis:33.33%\">\n<p class=\"has-text-align-center has-medium-font-size\" style=\"letter-spacing:1px\">Priv\u0101t\u0101 Kauksi br\u012bvdienu m\u0101ja <br\/>ir ide\u0101li piem\u0113rota gan biznesa semin\u0101riem <br\/>, gan \u0123imenes izmitin\u0101\u0161anai. <br\/>\u0160eit tiek pasniegts m\u0101j\u0101s gatavots \u0113diens, <br\/>kura pamat\u0101 ir sen\u010du trad\u012bcijas, <br\/>m\u0113s dodam priek\u0161roku viet\u0113j\u0101m izejviel\u0101m.<\/p>\n<\/div>\n\n\n\n<div class=\"wp-block-column is-vertically-aligned-center is-layout-flow wp-block-column-is-layout-flow\" style=\"flex-basis:66.66%\">\n<div class=\"wp-block-cover is-light ed-linked-block\"><img loading=\"lazy\" decoding=\"async\" width=\"2560\" height=\"1707\" class=\"wp-block-cover__image-background wp-image-512\" alt=\"\" src=\"https:\/\/www.kauksipuhkemaja.ee\/wp-content\/uploads\/2023\/03\/10_kauksi_toit_T-Ulle-Jukk-scaled.jpg\" data-object-fit=\"cover\" srcset=\"https:\/\/www.kauksipuhkemaja.ee\/wp-content\/uploads\/2023\/03\/10_kauksi_toit_T-Ulle-Jukk-scaled.jpg 2560w, https:\/\/www.kauksipuhkemaja.ee\/wp-content\/uploads\/2023\/03\/10_kauksi_toit_T-Ulle-Jukk-300x200.jpg 300w, https:\/\/www.kauksipuhkemaja.ee\/wp-content\/uploads\/2023\/03\/10_kauksi_toit_T-Ulle-Jukk-1024x683.jpg 1024w, https:\/\/www.kauksipuhkemaja.ee\/wp-content\/uploads\/2023\/03\/10_kauksi_toit_T-Ulle-Jukk-768x512.jpg 768w, https:\/\/www.kauksipuhkemaja.ee\/wp-content\/uploads\/2023\/03\/10_kauksi_toit_T-Ulle-Jukk-1536x1024.jpg 1536w, https:\/\/www.kauksipuhkemaja.ee\/wp-content\/uploads\/2023\/03\/10_kauksi_toit_T-Ulle-Jukk-2048x1365.jpg 2048w, https:\/\/www.kauksipuhkemaja.ee\/wp-content\/uploads\/2023\/03\/10_kauksi_toit_T-Ulle-Jukk-1568x1045.jpg 1568w\" sizes=\"auto, (max-width: 2560px) 100vw, 2560px\" \/><span aria-hidden=\"true\" class=\"wp-block-cover__background has-background-dim-20 has-background-dim\"><\/span><div class=\"wp-block-cover__inner-container is-layout-flow wp-block-cover-is-layout-flow\">\n<p class=\"has-text-align-center has-white-color has-text-color has-large-font-size\">BR\u012aVAIS LAIKS<\/p>\n<\/div><a href=\"https:\/\/www.kauksipuhkemaja.ee\/vaba-aeg\/\" class=\"edhotels-block-link\" rel=\"\"><\/a><\/div>\n<\/div>\n<\/div>\n\n<div style=\"height:20px\" aria-hidden=\"true\" class=\"wp-block-spacer\"><\/div>\n\n<div class=\"wp-block-columns alignfull is-layout-flex wp-container-core-columns-is-layout-9d6595d7 wp-block-columns-is-layout-flex\">\n<div class=\"wp-block-column is-layout-flow wp-block-column-is-layout-flow\">\n<iframe src=\"https:\/\/www.google.com\/maps\/embed?pb=!1m18!1m12!1m3!1d2054.454226526101!2d27.24159277693199!3d59.00760777446009!2m3!1f0!2f0!3f0!3m2!1i1024!2i768!4f13.1!3m3!1m2!1s0x46948d646794ffdf%3A0xeb58da15896a82da!2sKauksi%20Puhkemaja!5e0!3m2!1set!2see!4v1777370181671!5m2!1set!2see\" width=\"100%\" height=\"450\" style=\"border:0;\" allowfullscreen=\"\" loading=\"lazy\" referrerpolicy=\"no-referrer-when-downgrade\"><\/iframe>\n<\/div>\n<\/div>\n","protected":false},"excerpt":{"rendered":"<p>M\u016bsu br\u012bvdienu m\u0101jas atrodas 2 km att\u0101lum\u0101 no Peipusa ezera un ir ieskautas bag\u0101t\u012bgiem ogu un s\u0113\u0146u me\u017eiem, un t\u0101s ir ide\u0101li piem\u0113rotas atp\u016btniekiem, kuri m\u012bl uztur\u0113ties dabas vid\u0113! M\u016bsu pagalm\u0101 ir grila paviljons, d\u016bmu pirts, nojume un d\u012b\u0137is, kur\u0101 var peld\u0113ties un mak\u0161\u0137er\u0113t . J\u016bs varat ar\u012b iznom\u0101t velosip\u0113dus, lai, piem\u0113ram, nopeld\u0113tos Kauksi pludmal\u0113 [&hellip;]<\/p>\n","protected":false},"author":1,"featured_media":0,"parent":0,"menu_order":0,"comment_status":"closed","ping_status":"closed","template":"","meta":{"om_disable_all_campaigns":false,"_monsterinsights_skip_tracking":false,"_monsterinsights_sitenote_active":false,"_monsterinsights_sitenote_note":"","_monsterinsights_sitenote_category":0,"_uf_show_specific_survey":0,"_uf_disable_surveys":false,"footnotes":""},"class_list":["post-980","page","type-page","status-publish","hentry"],"aioseo_notices":[],"_links":{"self":[{"href":"https:\/\/www.kauksipuhkemaja.ee\/lv\/wp-json\/wp\/v2\/pages\/980","targetHints":{"allow":["GET"]}}],"collection":[{"href":"https:\/\/www.kauksipuhkemaja.ee\/lv\/wp-json\/wp\/v2\/pages"}],"about":[{"href":"https:\/\/www.kauksipuhkemaja.ee\/lv\/wp-json\/wp\/v2\/types\/page"}],"author":[{"embeddable":true,"href":"https:\/\/www.kauksipuhkemaja.ee\/lv\/wp-json\/wp\/v2\/users\/1"}],"replies":[{"embeddable":true,"href":"https:\/\/www.kauksipuhkemaja.ee\/lv\/wp-json\/wp\/v2\/comments?post=980"}],"version-history":[{"count":1,"href":"https:\/\/www.kauksipuhkemaja.ee\/lv\/wp-json\/wp\/v2\/pages\/980\/revisions"}],"predecessor-version":[{"id":988,"href":"https:\/\/www.kauksipuhkemaja.ee\/lv\/wp-json\/wp\/v2\/pages\/980\/revisions\/988"}],"wp:attachment":[{"href":"https:\/\/www.kauksipuhkemaja.ee\/lv\/wp-json\/wp\/v2\/media?parent=980"}],"curies":[{"name":"wp","href":"https:\/\/api.w.org\/{rel}","templated":true}]}}