{"id":872,"date":"2023-03-06T21:41:32","date_gmt":"2023-03-06T19:41:32","guid":{"rendered":"https:\/\/www.kauksipuhkemaja.ee\/events-and-seminars\/"},"modified":"2024-05-14T13:58:39","modified_gmt":"2024-05-14T10:58:39","slug":"events-and-seminars","status":"publish","type":"page","link":"https:\/\/www.kauksipuhkemaja.ee\/en\/events-and-seminars\/","title":{"rendered":"EVENTS AND SEMINARS"},"content":{"rendered":"\n<div class=\"wp-block-cover alignfull is-light\" style=\"min-height:500px;aspect-ratio:unset;\"><span aria-hidden=\"true\" class=\"wp-block-cover__background has-background-dim-10 has-background-dim\"><\/span><img loading=\"lazy\" decoding=\"async\" width=\"2560\" height=\"1920\" class=\"wp-block-cover__image-background wp-image-415\" alt=\"\" src=\"https:\/\/www.kauksipuhkemaja.ee\/wp-content\/uploads\/2023\/03\/K.-Hindreus-scaled.jpg\" style=\"object-position:52% 68%\" data-object-fit=\"cover\" data-object-position=\"52% 68%\" srcset=\"https:\/\/www.kauksipuhkemaja.ee\/wp-content\/uploads\/2023\/03\/K.-Hindreus-scaled.jpg 2560w, https:\/\/www.kauksipuhkemaja.ee\/wp-content\/uploads\/2023\/03\/K.-Hindreus-300x225.jpg 300w, https:\/\/www.kauksipuhkemaja.ee\/wp-content\/uploads\/2023\/03\/K.-Hindreus-1024x768.jpg 1024w, https:\/\/www.kauksipuhkemaja.ee\/wp-content\/uploads\/2023\/03\/K.-Hindreus-768x576.jpg 768w, https:\/\/www.kauksipuhkemaja.ee\/wp-content\/uploads\/2023\/03\/K.-Hindreus-1536x1152.jpg 1536w, https:\/\/www.kauksipuhkemaja.ee\/wp-content\/uploads\/2023\/03\/K.-Hindreus-2048x1536.jpg 2048w, https:\/\/www.kauksipuhkemaja.ee\/wp-content\/uploads\/2023\/03\/K.-Hindreus-1568x1176.jpg 1568w\" sizes=\"auto, (max-width: 2560px) 100vw, 2560px\" \/><div class=\"wp-block-cover__inner-container is-layout-flow wp-block-cover-is-layout-flow\">\n<h1 class=\"wp-block-heading has-text-align-center has-large-font-size\"><br\/><\/h1>\n\n\n\n<h1 class=\"wp-block-heading has-text-align-center has-white-color has-text-color has-large-font-size\">Events and seminars<br\/><\/h1>\n<\/div><\/div>\n\n<div style=\"height:15px\" aria-hidden=\"true\" class=\"wp-block-spacer\"><\/div>\n\n<p class=\"has-text-align-center\" style=\"font-size:18px;letter-spacing:1px\">Our main house &#8220;P\u00e4sari&#8221; is perfectly suitable for different events and <br\/>parties\/seminars.<\/p>\n\n<div style=\"height:10px\" aria-hidden=\"true\" class=\"wp-block-spacer\"><\/div>\n\n<div class=\"wp-block-columns alignwide are-vertically-aligned-center is-layout-flex wp-container-core-columns-is-layout-9d6595d7 wp-block-columns-is-layout-flex\">\n<div class=\"wp-block-column is-vertically-aligned-center is-layout-flow wp-block-column-is-layout-flow\" style=\"font-size:18px\">\n<p>&#8211; Hall on first floor up to 60 people<br\/>&#8211; Seminars up to 20 people (classroom style)\/ up to 40 people (theatre style &#8211; chairs olny) <\/p>\n\n\n\n<p><br\/>&#8211; on the 2-floor: 4 bedrooms(different size) 12 SGL beds + extra beds available, public toilets and showers.<br\/>&#8211; Catering for up to 60 people<\/p>\n<\/div>\n\n\n\n<div class=\"wp-block-column is-vertically-aligned-center is-layout-flow wp-block-column-is-layout-flow\" style=\"padding-top:0;padding-right:0;padding-bottom:0;padding-left:0;font-size:18px\">\n<p style=\"letter-spacing:1px\">Rent whole complex: all 6 holiday houses + main house (30 beds total + up to 15 extra beds)<br\/>Sept-May: 1300\u20ac\/per night<br\/>June-August: 1500\u20ac\/per night<\/p>\n<\/div>\n<\/div>\n\n<div style=\"height:10px\" aria-hidden=\"true\" class=\"wp-block-spacer\"><\/div>\n\n<div class=\"wp-block-buttons is-content-justification-center is-layout-flex wp-container-core-buttons-is-layout-16018d1d wp-block-buttons-is-layout-flex\">\n<div class=\"wp-block-button\"><a class=\"wp-block-button__link wp-element-button\">SEND INQUIRY<\/a><\/div>\n<\/div>\n\n<div style=\"height:10px\" aria-hidden=\"true\" class=\"wp-block-spacer\"><\/div>\n\n<figure class=\"wp-block-gallery alignwide has-nested-images columns-4 is-cropped wp-block-gallery-1 is-layout-flex wp-block-gallery-is-layout-flex\">\n<figure class=\"wp-block-image size-large\"><a href=\"https:\/\/www.kauksipuhkemaja.ee\/wp-content\/uploads\/2023\/03\/IMG_20200528_200308-3-scaled.jpg\"><img loading=\"lazy\" decoding=\"async\" width=\"1024\" height=\"768\" data-id=\"458\" src=\"https:\/\/www.kauksipuhkemaja.ee\/wp-content\/uploads\/2023\/03\/IMG_20200528_200308-3-1024x768.jpg\" alt=\"\" class=\"wp-image-458\" srcset=\"https:\/\/www.kauksipuhkemaja.ee\/wp-content\/uploads\/2023\/03\/IMG_20200528_200308-3-1024x768.jpg 1024w, https:\/\/www.kauksipuhkemaja.ee\/wp-content\/uploads\/2023\/03\/IMG_20200528_200308-3-300x225.jpg 300w, https:\/\/www.kauksipuhkemaja.ee\/wp-content\/uploads\/2023\/03\/IMG_20200528_200308-3-768x576.jpg 768w, https:\/\/www.kauksipuhkemaja.ee\/wp-content\/uploads\/2023\/03\/IMG_20200528_200308-3-1536x1152.jpg 1536w, https:\/\/www.kauksipuhkemaja.ee\/wp-content\/uploads\/2023\/03\/IMG_20200528_200308-3-2048x1536.jpg 2048w, https:\/\/www.kauksipuhkemaja.ee\/wp-content\/uploads\/2023\/03\/IMG_20200528_200308-3-1568x1176.jpg 1568w\" sizes=\"auto, (max-width: 1024px) 100vw, 1024px\" \/><\/a><\/figure>\n\n\n\n<figure class=\"wp-block-image size-large\"><a href=\"https:\/\/www.kauksipuhkemaja.ee\/wp-content\/uploads\/2023\/03\/Pasari-maja-1-1.jpg\"><img loading=\"lazy\" decoding=\"async\" width=\"640\" height=\"960\" data-id=\"491\" src=\"https:\/\/www.kauksipuhkemaja.ee\/wp-content\/uploads\/2023\/03\/Pasari-maja-1-1.jpg\" alt=\"\" class=\"wp-image-491\" srcset=\"https:\/\/www.kauksipuhkemaja.ee\/wp-content\/uploads\/2023\/03\/Pasari-maja-1-1.jpg 640w, https:\/\/www.kauksipuhkemaja.ee\/wp-content\/uploads\/2023\/03\/Pasari-maja-1-1-200x300.jpg 200w\" sizes=\"auto, (max-width: 640px) 100vw, 640px\" \/><\/a><\/figure>\n\n\n\n<figure class=\"wp-block-image size-large\"><a href=\"https:\/\/www.kauksipuhkemaja.ee\/wp-content\/uploads\/2023\/03\/11721345_10153359003599718_517600120_n-1.jpg\"><img loading=\"lazy\" decoding=\"async\" width=\"960\" height=\"543\" data-id=\"494\" src=\"https:\/\/www.kauksipuhkemaja.ee\/wp-content\/uploads\/2023\/03\/11721345_10153359003599718_517600120_n-1.jpg\" alt=\"\" class=\"wp-image-494\" srcset=\"https:\/\/www.kauksipuhkemaja.ee\/wp-content\/uploads\/2023\/03\/11721345_10153359003599718_517600120_n-1.jpg 960w, https:\/\/www.kauksipuhkemaja.ee\/wp-content\/uploads\/2023\/03\/11721345_10153359003599718_517600120_n-1-300x170.jpg 300w, https:\/\/www.kauksipuhkemaja.ee\/wp-content\/uploads\/2023\/03\/11721345_10153359003599718_517600120_n-1-768x434.jpg 768w\" sizes=\"auto, (max-width: 960px) 100vw, 960px\" \/><\/a><\/figure>\n\n\n\n<figure class=\"wp-block-image size-large\"><a href=\"https:\/\/www.kauksipuhkemaja.ee\/wp-content\/uploads\/2023\/03\/IMG_20210723_165013-scaled.jpg\"><img loading=\"lazy\" decoding=\"async\" width=\"1024\" height=\"768\" data-id=\"500\" src=\"https:\/\/www.kauksipuhkemaja.ee\/wp-content\/uploads\/2023\/03\/IMG_20210723_165013-1024x768.jpg\" alt=\"\" class=\"wp-image-500\" srcset=\"https:\/\/www.kauksipuhkemaja.ee\/wp-content\/uploads\/2023\/03\/IMG_20210723_165013-1024x768.jpg 1024w, https:\/\/www.kauksipuhkemaja.ee\/wp-content\/uploads\/2023\/03\/IMG_20210723_165013-300x225.jpg 300w, https:\/\/www.kauksipuhkemaja.ee\/wp-content\/uploads\/2023\/03\/IMG_20210723_165013-768x576.jpg 768w, https:\/\/www.kauksipuhkemaja.ee\/wp-content\/uploads\/2023\/03\/IMG_20210723_165013-1536x1152.jpg 1536w, https:\/\/www.kauksipuhkemaja.ee\/wp-content\/uploads\/2023\/03\/IMG_20210723_165013-2048x1536.jpg 2048w, https:\/\/www.kauksipuhkemaja.ee\/wp-content\/uploads\/2023\/03\/IMG_20210723_165013-1568x1176.jpg 1568w\" sizes=\"auto, (max-width: 1024px) 100vw, 1024px\" \/><\/a><\/figure>\n\n\n\n<figure class=\"wp-block-image size-large\"><a href=\"https:\/\/www.kauksipuhkemaja.ee\/wp-content\/uploads\/2023\/03\/10_kauksi_toit_T-Ulle-Jukk-scaled.jpg\"><img loading=\"lazy\" decoding=\"async\" width=\"1024\" height=\"683\" data-id=\"512\" src=\"https:\/\/www.kauksipuhkemaja.ee\/wp-content\/uploads\/2023\/03\/10_kauksi_toit_T-Ulle-Jukk-1024x683.jpg\" alt=\"\" class=\"wp-image-512\" srcset=\"https:\/\/www.kauksipuhkemaja.ee\/wp-content\/uploads\/2023\/03\/10_kauksi_toit_T-Ulle-Jukk-1024x683.jpg 1024w, https:\/\/www.kauksipuhkemaja.ee\/wp-content\/uploads\/2023\/03\/10_kauksi_toit_T-Ulle-Jukk-300x200.jpg 300w, https:\/\/www.kauksipuhkemaja.ee\/wp-content\/uploads\/2023\/03\/10_kauksi_toit_T-Ulle-Jukk-768x512.jpg 768w, https:\/\/www.kauksipuhkemaja.ee\/wp-content\/uploads\/2023\/03\/10_kauksi_toit_T-Ulle-Jukk-1536x1024.jpg 1536w, https:\/\/www.kauksipuhkemaja.ee\/wp-content\/uploads\/2023\/03\/10_kauksi_toit_T-Ulle-Jukk-2048x1365.jpg 2048w, https:\/\/www.kauksipuhkemaja.ee\/wp-content\/uploads\/2023\/03\/10_kauksi_toit_T-Ulle-Jukk-1568x1045.jpg 1568w\" sizes=\"auto, (max-width: 1024px) 100vw, 1024px\" \/><\/a><\/figure>\n\n\n\n<figure class=\"wp-block-image size-large\"><a href=\"https:\/\/www.kauksipuhkemaja.ee\/wp-content\/uploads\/2023\/03\/UyFVg-GA.jpeg.jpg\"><img loading=\"lazy\" decoding=\"async\" width=\"178\" height=\"178\" data-id=\"515\" src=\"https:\/\/www.kauksipuhkemaja.ee\/wp-content\/uploads\/2023\/03\/UyFVg-GA.jpeg.jpg\" alt=\"\" class=\"wp-image-515\" srcset=\"https:\/\/www.kauksipuhkemaja.ee\/wp-content\/uploads\/2023\/03\/UyFVg-GA.jpeg.jpg 178w, https:\/\/www.kauksipuhkemaja.ee\/wp-content\/uploads\/2023\/03\/UyFVg-GA.jpeg-150x150.jpg 150w\" sizes=\"auto, (max-width: 178px) 100vw, 178px\" \/><\/a><\/figure>\n\n\n\n<figure class=\"wp-block-image size-large\"><a href=\"https:\/\/www.kauksipuhkemaja.ee\/wp-content\/uploads\/2023\/03\/11880185_1123134424381100_2105698944_n.jpg\"><img loading=\"lazy\" decoding=\"async\" width=\"960\" height=\"640\" data-id=\"509\" src=\"https:\/\/www.kauksipuhkemaja.ee\/wp-content\/uploads\/2023\/03\/11880185_1123134424381100_2105698944_n.jpg\" alt=\"\" class=\"wp-image-509\" srcset=\"https:\/\/www.kauksipuhkemaja.ee\/wp-content\/uploads\/2023\/03\/11880185_1123134424381100_2105698944_n.jpg 960w, https:\/\/www.kauksipuhkemaja.ee\/wp-content\/uploads\/2023\/03\/11880185_1123134424381100_2105698944_n-300x200.jpg 300w, https:\/\/www.kauksipuhkemaja.ee\/wp-content\/uploads\/2023\/03\/11880185_1123134424381100_2105698944_n-768x512.jpg 768w\" sizes=\"auto, (max-width: 960px) 100vw, 960px\" \/><\/a><\/figure>\n\n\n\n<figure class=\"wp-block-image size-large\"><a href=\"https:\/\/www.kauksipuhkemaja.ee\/wp-content\/uploads\/2023\/03\/270060030_1091957688248002_4296027745778675207_n.jpg\"><img loading=\"lazy\" decoding=\"async\" width=\"1024\" height=\"768\" data-id=\"506\" src=\"https:\/\/www.kauksipuhkemaja.ee\/wp-content\/uploads\/2023\/03\/270060030_1091957688248002_4296027745778675207_n-1024x768.jpg\" alt=\"\" class=\"wp-image-506\" srcset=\"https:\/\/www.kauksipuhkemaja.ee\/wp-content\/uploads\/2023\/03\/270060030_1091957688248002_4296027745778675207_n-1024x768.jpg 1024w, https:\/\/www.kauksipuhkemaja.ee\/wp-content\/uploads\/2023\/03\/270060030_1091957688248002_4296027745778675207_n-300x225.jpg 300w, https:\/\/www.kauksipuhkemaja.ee\/wp-content\/uploads\/2023\/03\/270060030_1091957688248002_4296027745778675207_n-768x576.jpg 768w, https:\/\/www.kauksipuhkemaja.ee\/wp-content\/uploads\/2023\/03\/270060030_1091957688248002_4296027745778675207_n-1536x1152.jpg 1536w, https:\/\/www.kauksipuhkemaja.ee\/wp-content\/uploads\/2023\/03\/270060030_1091957688248002_4296027745778675207_n-1568x1176.jpg 1568w, https:\/\/www.kauksipuhkemaja.ee\/wp-content\/uploads\/2023\/03\/270060030_1091957688248002_4296027745778675207_n.jpg 2048w\" sizes=\"auto, (max-width: 1024px) 100vw, 1024px\" \/><\/a><\/figure>\n<\/figure>\n\n<div style=\"height:10px\" aria-hidden=\"true\" class=\"wp-block-spacer\"><\/div>\n","protected":false},"excerpt":{"rendered":"<p>Our main house &#8220;P\u00e4sari&#8221; is perfectly suitable for different events and parties\/seminars. &#8211; Hall on first floor up to 60 people&#8211; Seminars up to 20 people (classroom style)\/ up to 40 people (theatre style &#8211; chairs olny) &#8211; on the 2-floor: 4 bedrooms(different size) 12 SGL beds + extra beds available, public toilets and showers.&#8211; [&hellip;]<\/p>\n","protected":false},"author":2,"featured_media":0,"parent":0,"menu_order":3,"comment_status":"closed","ping_status":"closed","template":"","meta":{"om_disable_all_campaigns":false,"_monsterinsights_skip_tracking":false,"_monsterinsights_sitenote_active":false,"_monsterinsights_sitenote_note":"","_monsterinsights_sitenote_category":0,"_uf_show_specific_survey":0,"_uf_disable_surveys":false,"footnotes":""},"class_list":["post-872","page","type-page","status-publish","hentry"],"aioseo_notices":[],"yoast_head":"<!-- This site is optimized with the Yoast SEO plugin v27.5 - https:\/\/yoast.com\/product\/yoast-seo-wordpress\/ -->\n<title>EVENTS AND SEMINARS - Kauksi Puhkemaja<\/title>\n<meta name=\"robots\" content=\"index, follow, max-snippet:-1, max-image-preview:large, max-video-preview:-1\" \/>\n<link rel=\"canonical\" href=\"https:\/\/www.kauksipuhkemaja.ee\/en\/events-and-seminars\/\" \/>\n<meta property=\"og:locale\" content=\"en_US\" \/>\n<meta property=\"og:type\" content=\"article\" \/>\n<meta property=\"og:title\" content=\"EVENTS AND SEMINARS - Kauksi Puhkemaja\" \/>\n<meta property=\"og:description\" content=\"Our main house &#8220;P\u00e4sari&#8221; is perfectly suitable for different events and parties\/seminars. &#8211; Hall on first floor up to 60 people&#8211; Seminars up to 20 people (classroom style)\/ up to 40 people (theatre style &#8211; chairs olny) &#8211; on the 2-floor: 4 bedrooms(different size) 12 SGL beds + extra beds available, public toilets and showers.&#8211; [&hellip;]\" \/>\n<meta property=\"og:url\" content=\"https:\/\/www.kauksipuhkemaja.ee\/en\/events-and-seminars\/\" \/>\n<meta property=\"og:site_name\" content=\"Kauksi Puhkemaja\" \/>\n<meta property=\"article:modified_time\" content=\"2024-05-14T10:58:39+00:00\" \/>\n<meta property=\"og:image\" content=\"https:\/\/www.kauksipuhkemaja.ee\/wp-content\/uploads\/2023\/03\/K.-Hindreus-scaled.jpg\" \/>\n<meta name=\"twitter:card\" content=\"summary_large_image\" \/>\n<script type=\"application\/ld+json\" class=\"yoast-schema-graph\">{\"@context\":\"https:\\\/\\\/schema.org\",\"@graph\":[{\"@type\":\"WebPage\",\"@id\":\"https:\\\/\\\/www.kauksipuhkemaja.ee\\\/en\\\/events-and-seminars\\\/\",\"url\":\"https:\\\/\\\/www.kauksipuhkemaja.ee\\\/en\\\/events-and-seminars\\\/\",\"name\":\"EVENTS AND SEMINARS - Kauksi Puhkemaja\",\"isPartOf\":{\"@id\":\"https:\\\/\\\/www.kauksipuhkemaja.ee\\\/#website\"},\"primaryImageOfPage\":{\"@id\":\"https:\\\/\\\/www.kauksipuhkemaja.ee\\\/en\\\/events-and-seminars\\\/#primaryimage\"},\"image\":{\"@id\":\"https:\\\/\\\/www.kauksipuhkemaja.ee\\\/en\\\/events-and-seminars\\\/#primaryimage\"},\"thumbnailUrl\":\"https:\\\/\\\/www.kauksipuhkemaja.ee\\\/wp-content\\\/uploads\\\/2023\\\/03\\\/K.-Hindreus-scaled.jpg\",\"datePublished\":\"2023-03-06T19:41:32+00:00\",\"dateModified\":\"2024-05-14T10:58:39+00:00\",\"breadcrumb\":{\"@id\":\"https:\\\/\\\/www.kauksipuhkemaja.ee\\\/en\\\/events-and-seminars\\\/#breadcrumb\"},\"inLanguage\":\"en-US\",\"potentialAction\":[{\"@type\":\"ReadAction\",\"target\":[\"https:\\\/\\\/www.kauksipuhkemaja.ee\\\/en\\\/events-and-seminars\\\/\"]}]},{\"@type\":\"ImageObject\",\"inLanguage\":\"en-US\",\"@id\":\"https:\\\/\\\/www.kauksipuhkemaja.ee\\\/en\\\/events-and-seminars\\\/#primaryimage\",\"url\":\"https:\\\/\\\/www.kauksipuhkemaja.ee\\\/wp-content\\\/uploads\\\/2023\\\/03\\\/K.-Hindreus-scaled.jpg\",\"contentUrl\":\"https:\\\/\\\/www.kauksipuhkemaja.ee\\\/wp-content\\\/uploads\\\/2023\\\/03\\\/K.-Hindreus-scaled.jpg\"},{\"@type\":\"BreadcrumbList\",\"@id\":\"https:\\\/\\\/www.kauksipuhkemaja.ee\\\/en\\\/events-and-seminars\\\/#breadcrumb\",\"itemListElement\":[{\"@type\":\"ListItem\",\"position\":1,\"name\":\"Home\",\"item\":\"https:\\\/\\\/www.kauksipuhkemaja.ee\\\/en\\\/\"},{\"@type\":\"ListItem\",\"position\":2,\"name\":\"EVENTS AND SEMINARS\"}]},{\"@type\":\"WebSite\",\"@id\":\"https:\\\/\\\/www.kauksipuhkemaja.ee\\\/#website\",\"url\":\"https:\\\/\\\/www.kauksipuhkemaja.ee\\\/\",\"name\":\"Kauksi Puhkemaja\",\"description\":\"Looduss\u00f5bralik majutus Peipsi j\u00e4rve p\u00f5hjakaldal\",\"potentialAction\":[{\"@type\":\"SearchAction\",\"target\":{\"@type\":\"EntryPoint\",\"urlTemplate\":\"https:\\\/\\\/www.kauksipuhkemaja.ee\\\/?s={search_term_string}\"},\"query-input\":{\"@type\":\"PropertyValueSpecification\",\"valueRequired\":true,\"valueName\":\"search_term_string\"}}],\"inLanguage\":\"en-US\"}]}<\/script>\n<!-- \/ Yoast SEO plugin. -->","yoast_head_json":{"title":"EVENTS AND SEMINARS - Kauksi Puhkemaja","robots":{"index":"index","follow":"follow","max-snippet":"max-snippet:-1","max-image-preview":"max-image-preview:large","max-video-preview":"max-video-preview:-1"},"canonical":"https:\/\/www.kauksipuhkemaja.ee\/en\/events-and-seminars\/","og_locale":"en_US","og_type":"article","og_title":"EVENTS AND SEMINARS - Kauksi Puhkemaja","og_description":"Our main house &#8220;P\u00e4sari&#8221; is perfectly suitable for different events and parties\/seminars. &#8211; Hall on first floor up to 60 people&#8211; Seminars up to 20 people (classroom style)\/ up to 40 people (theatre style &#8211; chairs olny) &#8211; on the 2-floor: 4 bedrooms(different size) 12 SGL beds + extra beds available, public toilets and showers.&#8211; [&hellip;]","og_url":"https:\/\/www.kauksipuhkemaja.ee\/en\/events-and-seminars\/","og_site_name":"Kauksi Puhkemaja","article_modified_time":"2024-05-14T10:58:39+00:00","og_image":[{"url":"https:\/\/www.kauksipuhkemaja.ee\/wp-content\/uploads\/2023\/03\/K.-Hindreus-scaled.jpg","type":"","width":"","height":""}],"twitter_card":"summary_large_image","schema":{"@context":"https:\/\/schema.org","@graph":[{"@type":"WebPage","@id":"https:\/\/www.kauksipuhkemaja.ee\/en\/events-and-seminars\/","url":"https:\/\/www.kauksipuhkemaja.ee\/en\/events-and-seminars\/","name":"EVENTS AND SEMINARS - Kauksi Puhkemaja","isPartOf":{"@id":"https:\/\/www.kauksipuhkemaja.ee\/#website"},"primaryImageOfPage":{"@id":"https:\/\/www.kauksipuhkemaja.ee\/en\/events-and-seminars\/#primaryimage"},"image":{"@id":"https:\/\/www.kauksipuhkemaja.ee\/en\/events-and-seminars\/#primaryimage"},"thumbnailUrl":"https:\/\/www.kauksipuhkemaja.ee\/wp-content\/uploads\/2023\/03\/K.-Hindreus-scaled.jpg","datePublished":"2023-03-06T19:41:32+00:00","dateModified":"2024-05-14T10:58:39+00:00","breadcrumb":{"@id":"https:\/\/www.kauksipuhkemaja.ee\/en\/events-and-seminars\/#breadcrumb"},"inLanguage":"en-US","potentialAction":[{"@type":"ReadAction","target":["https:\/\/www.kauksipuhkemaja.ee\/en\/events-and-seminars\/"]}]},{"@type":"ImageObject","inLanguage":"en-US","@id":"https:\/\/www.kauksipuhkemaja.ee\/en\/events-and-seminars\/#primaryimage","url":"https:\/\/www.kauksipuhkemaja.ee\/wp-content\/uploads\/2023\/03\/K.-Hindreus-scaled.jpg","contentUrl":"https:\/\/www.kauksipuhkemaja.ee\/wp-content\/uploads\/2023\/03\/K.-Hindreus-scaled.jpg"},{"@type":"BreadcrumbList","@id":"https:\/\/www.kauksipuhkemaja.ee\/en\/events-and-seminars\/#breadcrumb","itemListElement":[{"@type":"ListItem","position":1,"name":"Home","item":"https:\/\/www.kauksipuhkemaja.ee\/en\/"},{"@type":"ListItem","position":2,"name":"EVENTS AND SEMINARS"}]},{"@type":"WebSite","@id":"https:\/\/www.kauksipuhkemaja.ee\/#website","url":"https:\/\/www.kauksipuhkemaja.ee\/","name":"Kauksi Puhkemaja","description":"Looduss\u00f5bralik majutus Peipsi j\u00e4rve p\u00f5hjakaldal","potentialAction":[{"@type":"SearchAction","target":{"@type":"EntryPoint","urlTemplate":"https:\/\/www.kauksipuhkemaja.ee\/?s={search_term_string}"},"query-input":{"@type":"PropertyValueSpecification","valueRequired":true,"valueName":"search_term_string"}}],"inLanguage":"en-US"}]}},"_links":{"self":[{"href":"https:\/\/www.kauksipuhkemaja.ee\/en\/wp-json\/wp\/v2\/pages\/872","targetHints":{"allow":["GET"]}}],"collection":[{"href":"https:\/\/www.kauksipuhkemaja.ee\/en\/wp-json\/wp\/v2\/pages"}],"about":[{"href":"https:\/\/www.kauksipuhkemaja.ee\/en\/wp-json\/wp\/v2\/types\/page"}],"author":[{"embeddable":true,"href":"https:\/\/www.kauksipuhkemaja.ee\/en\/wp-json\/wp\/v2\/users\/2"}],"replies":[{"embeddable":true,"href":"https:\/\/www.kauksipuhkemaja.ee\/en\/wp-json\/wp\/v2\/comments?post=872"}],"version-history":[{"count":2,"href":"https:\/\/www.kauksipuhkemaja.ee\/en\/wp-json\/wp\/v2\/pages\/872\/revisions"}],"predecessor-version":[{"id":874,"href":"https:\/\/www.kauksipuhkemaja.ee\/en\/wp-json\/wp\/v2\/pages\/872\/revisions\/874"}],"wp:attachment":[{"href":"https:\/\/www.kauksipuhkemaja.ee\/en\/wp-json\/wp\/v2\/media?parent=872"}],"curies":[{"name":"wp","href":"https:\/\/api.w.org\/{rel}","templated":true}]}}